{"id":438,"date":"2018-05-16T15:18:10","date_gmt":"2018-05-16T15:18:10","guid":{"rendered":"https:\/\/klikeraj.hr\/?page_id=438"},"modified":"2025-06-03T19:19:31","modified_gmt":"2025-06-03T19:19:31","slug":"donacije","status":"publish","type":"page","link":"https:\/\/klikeraj.hr\/index.php\/donacije\/","title":{"rendered":"Donacije"},"content":{"rendered":"<p style=\"text-align: left;\"><strong>Ako smatrate da imamo\u00a0<\/strong><strong>dobru ideju, na\u0161 rad mo\u017eete podr\u017eati donacijom.\u00a0<\/strong><\/p>\n<p style=\"text-align: left;\"><strong>Podaci za uplate na IBAN:<\/strong><br \/>\nUdruga Klikeraj, Creska 22, 31000 Osijek<br \/>\nIBAN:\u00a0HR7423600001102431877<br \/>\nModel: HR00<br \/>\nPoziv na broj: (upi\u0161ite Va\u0161 OIB)<\/p>\n<p><strong>Donacije u kriptovalutama<\/strong><br \/>\n<a href=\"https:\/\/klikeraj.hr\/index.php\/paycek\/\">Kliknite ovdje<\/a><\/p>\n<p>&nbsp;<\/p>\n<h4><\/h4>\n<h4>Na\u0161 rad podr\u017eali su:<\/h4>\n<p><a href=\"https:\/\/mzo.gov.hr\/\">Ministarstvo obrazovanja Republike Hrvatske<\/a><br \/>\n<a href=\"https:\/\/www.hbor.hr\/\">Hrvatska banka za obnovu i razvitak<\/a><br \/>\n<a href=\"https:\/\/hzzo.hr\/\">Hrvatski zavod za zdravstveno osiguranje<\/a><br \/>\n<a href=\"https:\/\/ec.europa.eu\/programmes\/erasmus-plus\/node_en\">Erasmus<\/a><br \/>\n<a href=\"http:\/\/www.obz.hr\/index.php\">Osje\u010dko-baranjska \u017eupanija<\/a><br \/>\n<a href=\"https:\/\/www.osijek.hr\/\">Grad Osijek<\/a><br \/>\n<a href=\"https:\/\/www.djakovo.hr\/\">Grad \u0110akovo<\/a><br \/>\n<a href=\"https:\/\/vodovod.com\/\">Vodovod Osijek<\/a><br \/>\n<a href=\"http:\/\/www.vodoopskrba-darda.hr\/\">Vodoopskrba Darda<\/a><br \/>\n<a href=\"https:\/\/www.hep.hr\/plin\/\">HEP Plin<\/a><br \/>\n<a href=\"https:\/\/www.velicki-kamen.hr\/\">Veli\u010dki kamen<\/a><br \/>\n<a href=\"https:\/\/www.parhelion.hr\/\">Parhelion<\/a><br \/>\n<a href=\"https:\/\/www.brlic-keramika.com\/\">Brli\u0107<\/a><\/p>\n<p>&nbsp;<\/p>\n<p>&nbsp;<\/p>\n<p>&nbsp;<\/p>\n","protected":false},"excerpt":{"rendered":"<p>Ako smatrate da imamo\u00a0dobru ideju, na\u0161 rad mo\u017eete podr\u017eati donacijom.\u00a0 Podaci za uplate na IBAN: Udruga Klikeraj, Creska 22, 31000 Osijek IBAN:\u00a0HR7423600001102431877 Model: HR00 Poziv na broj: (upi\u0161ite&#8230;<\/p>\n","protected":false},"author":1,"featured_media":3192,"parent":0,"menu_order":0,"comment_status":"closed","ping_status":"closed","template":"","meta":{"_monsterinsights_skip_tracking":false,"_monsterinsights_sitenote_active":false,"_monsterinsights_sitenote_note":"","_monsterinsights_sitenote_category":0,"footnotes":""},"class_list":["post-438","page","type-page","status-publish","has-post-thumbnail","hentry"],"_links":{"self":[{"href":"https:\/\/klikeraj.hr\/index.php\/wp-json\/wp\/v2\/pages\/438"}],"collection":[{"href":"https:\/\/klikeraj.hr\/index.php\/wp-json\/wp\/v2\/pages"}],"about":[{"href":"https:\/\/klikeraj.hr\/index.php\/wp-json\/wp\/v2\/types\/page"}],"author":[{"embeddable":true,"href":"https:\/\/klikeraj.hr\/index.php\/wp-json\/wp\/v2\/users\/1"}],"replies":[{"embeddable":true,"href":"https:\/\/klikeraj.hr\/index.php\/wp-json\/wp\/v2\/comments?post=438"}],"version-history":[{"count":25,"href":"https:\/\/klikeraj.hr\/index.php\/wp-json\/wp\/v2\/pages\/438\/revisions"}],"predecessor-version":[{"id":2132,"href":"https:\/\/klikeraj.hr\/index.php\/wp-json\/wp\/v2\/pages\/438\/revisions\/2132"}],"wp:featuredmedia":[{"embeddable":true,"href":"https:\/\/klikeraj.hr\/index.php\/wp-json\/wp\/v2\/media\/3192"}],"wp:attachment":[{"href":"https:\/\/klikeraj.hr\/index.php\/wp-json\/wp\/v2\/media?parent=438"}],"curies":[{"name":"wp","href":"https:\/\/api.w.org\/{rel}","templated":true}]}}