{"id":3120,"date":"2024-08-19T13:53:09","date_gmt":"2024-08-19T13:53:09","guid":{"rendered":"https:\/\/klikeraj.hr\/?page_id=3120"},"modified":"2026-03-30T11:37:29","modified_gmt":"2026-03-30T11:37:29","slug":"strucni-clanci-i-tekstovi","status":"publish","type":"page","link":"https:\/\/klikeraj.hr\/index.php\/strucni-clanci-i-tekstovi\/","title":{"rendered":"Stru\u010dni \u010dlanci i tekstovi"},"content":{"rendered":"\r\n<p><a href=\"https:\/\/kabinet.alfa.hr\/blog\/ljetna-dosada--312?fbclid=IwY2xjawEwLMlleHRuA2FlbQIxMQABHX1R9BYQSYO-wsfcH51CCfTdcmS6iCqepmHQXts5qD7glyxvrNZ8aPy6ag_aem_vCNugXCP_ZDImKDseWi0Wg\">Ljetna dosada (Alfa kabinet)<\/a><\/p>\r\n\r\n\r\n\r\n<p><a href=\"https:\/\/kabinet.alfa.hr\/blog\/zasto-ideje-drzimo-pod-kljucem--318?fbclid=IwY2xjawEwKspleHRuA2FlbQIxMQABHY9y3UkJBlz8FwdCUjOVlQ477ZD3bNL9m2sZeNkPzAtTCkTwgASKGkqMhQ_aem_wryhG6CIoxS5am5rgRyWuw\">Za\u0161to ideje dr\u017eimo pod klju\u010dem? (Alfa kabinet) <\/a><\/p>\r\n\r\n\r\n\r\n<p><a style=\"--link-color: #71bdef !important; --link-color-hover: #8cc9f2 !important; --link-color-active: #6cbaef !important; --visited-color: #a075ea !important; --visited-color-hover: #b390ee !important; --visited-color-active: #9d71ea !important; --original-color: #000000; --original-background-color: rgba(0, 0, 0, 0);\" href=\"https:\/\/kabinet.alfa.hr\/blog\/cetiri-predrasude-o-darovitosti--322?fbclid=IwY2xjawFAPD5leHRuA2FlbQIxMQABHRLrFf6ksm7PhwblRp1CcfOavQyULnCUo_t7XWKj4ripReWTOR-FTxFMlg_aem_0_rLAi9oy4to-wdxres2xA\">\u010cetiri predrasude o darovitosti (Alfa kabinet)<\/a><\/p>\r\n\r\n\r\n\r\n<p><a href=\"https:\/\/kabinet.alfa.hr\/blog\/tko-je-mjerodavan-za-procjenu-darovitosti--326?fbclid=IwY2xjawFHw4xleHRuA2FlbQIxMQABHUjRlMDX-zlkYuF9NY_bBybJQbH0H4PgfsTFQVVvW22gI-YajmgWP9O3oQ_aem_gOQZ9TVXRYi5CAXsX2eF0Q\">Tko je mjerodavan za procjenu darovitosti? <\/a><\/p>\r\n\r\n\r\n\r\n<p><a href=\"https:\/\/kabinet.alfa.hr\/blog\/sarolikost-darovitih-ucenika--346?fbclid=IwY2xjawFjOIZleHRuA2FlbQIxMQABHUex4NCh-JoqG3cXhFlf5me30M5QsV2JW2xN2u0AtYSc3KYSy6CRrXTUGw_aem_i10C7ozW9wMjVyDPOv8I8g\">\u0160arolikost darovitih u\u010denika <\/a><\/p>\r\n\r\n\r\n\r\n<p><a style=\"--link-color: #71bdef !important; --link-color-hover: #8cc9f2 !important; --link-color-active: #6cbaef !important; --visited-color: #a075ea !important; --visited-color-hover: #b390ee !important; --visited-color-active: #9d71ea !important; --original-color: #000000; --original-background-color: rgba(0, 0, 0, 0);\" href=\"https:\/\/kabinet.alfa.hr\/blog\/tajni-zivot-darovitih-djevojcica-i-djevojaka--364?fbclid=IwY2xjawGN6tVleHRuA2FlbQIxMQABHa7q-i5gDrPNo1HS-KoknXXUga2SuNhnbRwECZcpzuY-TXaYkOesh-8_9w_aem_w2BHMFMOrkJF8w7TjiBQAg\">Tajni \u017eivot darovitih djevoj\u010dica i djevojaka<\/a><\/p>\r\n\r\n\r\n\r\n<p><a href=\"https:\/\/kabinet.alfa.hr\/blog\/identifikacija-darovitosti-uocavanje-i-utvrdivanje--440?fbclid=IwY2xjawIgffBleHRuA2FlbQIxMQABHertLzMjFlR35LCtWE5sIahR2Q-nGxAkJIF8bVsaYBGQWiO7z7MMORBXZw_aem_rM-C9AK6EY14wicK4Rn0TQ\">Identifikacija darovitosti: uo\u010davanje i utvr\u0111ivanje<\/a><\/p>\r\n\r\n\r\n\r\n<p><a href=\"https:\/\/kabinet.alfa.hr\/blog\/darovitost-izmedu-redaka-znacajke-naprednog-pisanja--506?fbclid=IwY2xjawKb_hxleHRuA2FlbQIxMQBicmlkETBmSEFBVlJBU3VvMHNCaHJZAR58Yq9fJp8sRTbZYv8Iu7SgoxQ6s04wfkyxWyBX-tZGBD8rIK0vQl0ElU7ANA_aem_0VT_vSsWU5FYlwJr8qAymw\">Darovitost izme\u0111u redaka: zna\u010dajke naprednog pisanja<\/a><\/p>\r\n<p><a href=\"https:\/\/kabinet.alfa.hr\/blog\/tko-lijepo-crta-crtez-kao-pokazatelj-likovne-darovitosti--575?fbclid=IwY2xjawPAqoVzcnRjBmFwcF9pZBAyMjIwMzkxNzg4MjAwODkyAAEeGmnWugROv7P44k_u5H76zXD-GFX9XUuUYsTEmkRg61MQNBs5fJtQGz_1dFs&amp;brid=S0EbIFugwEEwjnpLiOvH5A\">Tko lijepo crta: crte\u017e kao pokazatel likovne darovitosti\u00a0<\/a><\/p>\r\n<p><a href=\"https:\/\/kabinet.alfa.hr\/blog\/odskrinuta-vrata-ekskluzivnost-ili-inkluzivnost-u-radu-s-darovitima--583?fbclid=IwY2xjawPAqw9zcnRjBmFwcF9pZBAyMjIwMzkxNzg4MjAwODkyAAEeaYHNht8QEUCQd2xfkEMiN6OQN4xd2IbmafZU9OvncJU3h8GrPdrfUPnXuhY&amp;brid=x-6LrXIbXvjtQ5N7VCsN0w\">Od\u0161krinuta vrata: ekskluzivnost ili inkluzivnost u radu s darovitima?\u00a0<\/a><\/p>\r\n<p><a href=\"https:\/\/kabinet.alfa.hr\/blog\/obogacivanje-u-radu-s-darovitima-korak-prvi--608?fbclid=IwY2xjawPAq3NzcnRjBmFwcF9pZBAyMjIwMzkxNzg4MjAwODkyAAEea6LG41_2krP720mBf5kdiIgMX3N9nbulD5-eI0a0QHV8IRkwvHp8SM8rjvI&amp;brid=VRzTdK0OufHd9eo8dMf8ag\">Oboga\u0107ivanje u radu s darovitim u\u010denicima &#8211; korak prvi\u00a0\u00a0<\/a><\/p>\r\n<p><a href=\"https:\/\/kabinet.alfa.hr\/blog\/pametni-ucenici-i-lose-ocjene--619?fbclid=IwY2xjawPWAfBzcnRjBmFwcF9pZBAyMjIwMzkxNzg4MjAwODkyAAEeK2YFSLfuGvCQMXuh1sUuPKbUcLJw9009ESQIoLU9Zx19Vlu1AF0rlqGaaH4&amp;brid=ljuC2IWgpMKu8MaU-puqHw\">Pametni u\u010denici i lo\u0161e ocjene\u00a0<\/a><\/p>\r\n<p><a href=\"https:\/\/kabinet.alfa.hr\/blog\/skolski-tim-za-darovite-uloge-i-zadatci--623?fbclid=IwY2xjawPdfWhleHRuA2FlbQIxMQBzcnRjBmFwcF9pZBAyMjIwMzkxNzg4MjAwODkyAAEe_ZbalhjtbKXCHuhWCx299zQkVhIMpizff6Q0BpAO7oBo68NNvNOCRzVRCxg_aem_1HAoyCFCz_ZOF7pmlzy_3w\">\u0160kolski tim za darovite &#8211; uloge i zadaci<\/a><\/p>\r\n<p><a href=\"https:\/\/kabinet.alfa.hr\/blog\/obogacivanje-u-radu-s-darovitima-korak-drugi--628?fbclid=IwY2xjawP5tUpleHRuA2FlbQIxMQBzcnRjBmFwcF9pZBAyMjIwMzkxNzg4MjAwODkyAAEeGT6OtmWZ9HUB5bvxwCFFU51tdCzDQy64xDWc9twbvSdT1dOOgW-lhbF4pCs_aem_f4euBV7eMxbzc8yWJ_z4lg\">Oboga\u0107ivanje u radu s darovitima &#8211; korak drugi<\/a><\/p>\r\n<p><a href=\"https:\/\/kabinet.alfa.hr\/blog\/obogacivanje-u-radu-s-darovitima-korak-treci--632?fbclid=IwY2xjawP5tGtleHRuA2FlbQIxMQBicmlkETFEcEdOUzZ5amJDNXJRV3Nyc3J0YwZhcHBfaWQQMjIyMDM5MTc4ODIwMDg5MgABHvxWUuuzm_HFVyBw9EF90-HgYFD8gPTNibE1-xYLKApN5eYzc_ddKhyrT65b_aem_-8IbP9KqySLomhvMOX6PIw\">Oboga\u0107ivanje u radu s darovitima &#8211; korak tre\u0107i\u00a0<\/a><\/p>\r\n<p><a href=\"https:\/\/kabinet.alfa.hr\/blog\/razlikovnost-i-individualizirani-kurikul-u-radu-s-darovitim-ucenicima--640?fbclid=IwY2xjawQToBBleHRuA2FlbQIxMQBzcnRjBmFwcF9pZBAyMjIwMzkxNzg4MjAwODkyAAEeQ-6THp_n7x4lFqeW3ikP_QJJV77cckDEb5PLEUzj4HWOVZAxwHavCa8fBH8_aem_agXU7CyDqL3FhE2ZFxTGEQ\">Razlikovnost i individualizirani kurikul u radu s darovitim u\u010denicima\u00a0<\/a><\/p>\r\n<p><a href=\"https:\/\/kabinet.alfa.hr\/blog\/osnovna-nacela-izrade-razlikovnog-kurikula--641?fbclid=IwY2xjawQWheRleHRuA2FlbQIxMQBicmlkETJ6czRndlM3cTNZc3hEWGxEc3J0YwZhcHBfaWQQMjIyMDM5MTc4ODIwMDg5MgABHsEMvfKSZ2pFzQMGrmI5zOjA1AsKRQo2ocF0C1hwFoKtza4pB-HhL3ho2QIV_aem_1kNV3Z1sV4C9DuzYHb4zWg\">Osnovna na\u010dela izrade razlikovnog kurikula\u00a0<\/a><\/p>\r\n<p><a href=\"https:\/\/kabinet.alfa.hr\/blog\/intelekt-i-emocije-neke-karakteristike-emocionalnog-razvoja-darovitih--650?fbclid=IwY2xjawQzbolleHRuA2FlbQIxMQBzcnRjBmFwcF9pZBAyMjIwMzkxNzg4MjAwODkyAAEelUTM_AtPDaPx-lab5HakDHgY5mf0RoQ_ca6w5L215CAjynlbvctU4kVeWt8_aem_ohbjLYNx6VidpCUxQDEJMA\">Intelekt i emocije: neke karakterstike emocioalnog razvoja darovitih\u00a0<\/a><\/p>\r\n<p><a href=\"https:\/\/kabinet.alfa.hr\/blog\/masta-i-djecja-kreativnost--652?fbclid=IwY2xjawQ3PKZleHRuA2FlbQIxMQBicmlkETJ6czRndlM3cTNZc3hEWGxEc3J0YwZhcHBfaWQQMjIyMDM5MTc4ODIwMDg5MgABHi72QVg1rWhQLl4zcrmAkzWcZDqYqiJ8AzhXuTYgDJyhZzKs1aPlcG9kbP-5_aem_OAHbiUdLHNIZ4JYoJ4mcGA\">Ma\u0161ta i dje\u010dja kreativnost\u00a0<\/a><\/p>\r\n<p>&nbsp;<\/p>\r\n<p>&nbsp;<\/p>\r\n","protected":false},"excerpt":{"rendered":"<p>Ljetna dosada (Alfa kabinet) Za\u0161to ideje dr\u017eimo pod klju\u010dem? (Alfa kabinet) \u010cetiri predrasude o darovitosti (Alfa kabinet) Tko je mjerodavan za procjenu darovitosti? \u0160arolikost darovitih u\u010denika Tajni \u017eivot&#8230;<\/p>\n","protected":false},"author":1,"featured_media":0,"parent":0,"menu_order":0,"comment_status":"closed","ping_status":"closed","template":"","meta":{"_monsterinsights_skip_tracking":false,"_monsterinsights_sitenote_active":false,"_monsterinsights_sitenote_note":"","_monsterinsights_sitenote_category":0,"footnotes":""},"class_list":["post-3120","page","type-page","status-publish","hentry"],"_links":{"self":[{"href":"https:\/\/klikeraj.hr\/index.php\/wp-json\/wp\/v2\/pages\/3120"}],"collection":[{"href":"https:\/\/klikeraj.hr\/index.php\/wp-json\/wp\/v2\/pages"}],"about":[{"href":"https:\/\/klikeraj.hr\/index.php\/wp-json\/wp\/v2\/types\/page"}],"author":[{"embeddable":true,"href":"https:\/\/klikeraj.hr\/index.php\/wp-json\/wp\/v2\/users\/1"}],"replies":[{"embeddable":true,"href":"https:\/\/klikeraj.hr\/index.php\/wp-json\/wp\/v2\/comments?post=3120"}],"version-history":[{"count":16,"href":"https:\/\/klikeraj.hr\/index.php\/wp-json\/wp\/v2\/pages\/3120\/revisions"}],"predecessor-version":[{"id":3231,"href":"https:\/\/klikeraj.hr\/index.php\/wp-json\/wp\/v2\/pages\/3120\/revisions\/3231"}],"wp:attachment":[{"href":"https:\/\/klikeraj.hr\/index.php\/wp-json\/wp\/v2\/media?parent=3120"}],"curies":[{"name":"wp","href":"https:\/\/api.w.org\/{rel}","templated":true}]}}