{"id":2758,"date":"2023-05-09T16:20:25","date_gmt":"2023-05-09T16:20:25","guid":{"rendered":"https:\/\/klikeraj.hr\/?page_id=2758"},"modified":"2023-05-09T16:20:26","modified_gmt":"2023-05-09T16:20:26","slug":"proljetna-skola-kreativnosti-2023","status":"publish","type":"page","link":"https:\/\/klikeraj.hr\/index.php\/proljetna-skola-kreativnosti-2023\/","title":{"rendered":"Proljetna \u0161kola kreativnosti 2023"},"content":{"rendered":"\n<p>Prijave za radionice<\/p>\n\n\n\n<figure class=\"wp-block-embed\"><div class=\"wp-block-embed__wrapper\">\nhttps:\/\/docs.google.com\/forms\/d\/e\/1FAIpQLScvtleZKhoKiWEuYZ_GH4g35gDrfU_HNEMoYNws_JQda6kZrw\/viewform?usp=sf_link\n<\/div><\/figure>\n\n\n\n<p><a href=\"https:\/\/docs.google.com\/forms\/d\/e\/1FAIpQLSecVydNPV7i72wFajrqVdpNEkQCl2FtF883NPakpgRFF6YLzg\/viewform?usp=sf_link\">Modrozubi (filmska radionica)<\/a><\/p>\n\n\n\n<p>Bez rije\u010di (dramska radionica)<\/p>\n\n\n\n<p><a href=\"https:\/\/docs.google.com\/forms\/d\/e\/1FAIpQLSdc_sRcnGBUH44fIYGujJ-eO4xXpJTCUuoA9otsHCufuDRoag\/viewform?usp=sf_link\">Druga strana medalje (STEM radionica)<\/a><\/p>\n\n\n\n<p>Detektivi (detektivska radionica)<\/p>\n\n\n\n<p>Skriveno zna\u010denje (psiholo\u0161ka radionica)<\/p>\n\n\n\n<p>Logo i ja (likovna radionica)<\/p>\n\n\n\n<p>Znakoplov (orijentacijska radionica)<\/p>\n\n\n\n<p>Svjetlosna magija (STEM radionica)<\/p>\n","protected":false},"excerpt":{"rendered":"<p>Prijave za radionice Modrozubi (filmska radionica) Bez rije\u010di (dramska radionica) Druga strana medalje (STEM radionica) Detektivi (detektivska radionica) Skriveno zna\u010denje (psiholo\u0161ka radionica) Logo i ja (likovna radionica) Znakoplov&#8230;<\/p>\n","protected":false},"author":1,"featured_media":0,"parent":0,"menu_order":0,"comment_status":"closed","ping_status":"closed","template":"","meta":{"_monsterinsights_skip_tracking":false,"_monsterinsights_sitenote_active":false,"_monsterinsights_sitenote_note":"","_monsterinsights_sitenote_category":0,"footnotes":""},"class_list":["post-2758","page","type-page","status-publish","hentry"],"_links":{"self":[{"href":"https:\/\/klikeraj.hr\/index.php\/wp-json\/wp\/v2\/pages\/2758"}],"collection":[{"href":"https:\/\/klikeraj.hr\/index.php\/wp-json\/wp\/v2\/pages"}],"about":[{"href":"https:\/\/klikeraj.hr\/index.php\/wp-json\/wp\/v2\/types\/page"}],"author":[{"embeddable":true,"href":"https:\/\/klikeraj.hr\/index.php\/wp-json\/wp\/v2\/users\/1"}],"replies":[{"embeddable":true,"href":"https:\/\/klikeraj.hr\/index.php\/wp-json\/wp\/v2\/comments?post=2758"}],"version-history":[{"count":1,"href":"https:\/\/klikeraj.hr\/index.php\/wp-json\/wp\/v2\/pages\/2758\/revisions"}],"predecessor-version":[{"id":2759,"href":"https:\/\/klikeraj.hr\/index.php\/wp-json\/wp\/v2\/pages\/2758\/revisions\/2759"}],"wp:attachment":[{"href":"https:\/\/klikeraj.hr\/index.php\/wp-json\/wp\/v2\/media?parent=2758"}],"curies":[{"name":"wp","href":"https:\/\/api.w.org\/{rel}","templated":true}]}}