{"id":2674,"date":"2023-03-19T08:46:08","date_gmt":"2023-03-19T08:46:08","guid":{"rendered":"https:\/\/klikeraj.hr\/?page_id=2674"},"modified":"2023-03-19T09:07:53","modified_gmt":"2023-03-19T09:07:53","slug":"gifted-inovativni-pristupi-u-poticanju-darovitosti","status":"publish","type":"page","link":"https:\/\/klikeraj.hr\/index.php\/gifted-inovativni-pristupi-u-poticanju-darovitosti\/","title":{"rendered":"GIFTED | Inovativni pristupi u poticanju darovitosti"},"content":{"rendered":"\r\n<p>Projekt GIFTED. \u010diji je nositelj Udru\u017eenje vaspita\u010da Vojvodine, usmjeren je na poticanje darovitosti u vrti\u0107ima. Projekt se provodio u periodu od 2020. do 2022. godine u patnerstvu sa Pedago\u0161kim fakultetom Sveu\u010dili\u0161ta u Mariboru te Udrugom Klikeraj. Projektne aktivnosti bile su usmjerene prema razvoju kompetencija odgojitelja i edukatora u vrti\u0107ima u Srbiji, Sloveniji i Hrvatskoj te prema djeci vrti\u0107kog uzrasta. Tijekom posljednje dvije godine provedena su istra\u017eivanja potreba u vrti\u0107ima te smo u skladu s time kreirali i producirali materijale \u010diji je cilj razvoj kompetencija odgojitelja u poticanu darovitosti te poticanje socioemocionalnog razvoja i kreativnosti kod djece.<\/p>\r\n\r\n\r\n\r\n<p>U prilogu mo\u017eete preuzeti priru\u010dnik koji donosi pregled relevantnih znanstvenih i prakti\u010dnih perspektiva darovitosti u vrti\u0107kom uzrastu te upitnik za identifikaciju darovitosti u vrti\u0107ima.<\/p>\r\n\r\n\r\n\r\n<p>Projekt GIFTED financiran je sredstvima EU u okviru poziva Call 2020 Round 1 KA2 \u2013 Cooperation for innovation and the exchange of good practices.<\/p>\r\n\r\n\r\n\r\n<p><a href=\"https:\/\/klikeraj.hr\/wp-content\/uploads\/2022\/08\/Inovativni-pristupi-u-poticanju-darovitosti-prirucnik.pdf\">GIFTED Priru\u010dnik\u00a0<\/a><\/p>\r\n<p><a href=\"https:\/\/klikeraj.hr\/wp-content\/uploads\/2022\/08\/GIFTED-IDENTIFIKACIJA-DAROVITOSTI-U-VRTICU-INSTRUMENT.pdf\">GIFTED Instrument<\/a><\/p>\r\n<p>&nbsp;<\/p>\r\n\r\n\r\n\r\n<figure class=\"wp-block-image size-large\"><img loading=\"lazy\" decoding=\"async\" width=\"1024\" height=\"210\" class=\"wp-image-2677\" src=\"https:\/\/klikeraj.hr\/wp-content\/uploads\/2023\/03\/GIFTEDslider-1-1024x210.png\" alt=\"\" srcset=\"https:\/\/klikeraj.hr\/wp-content\/uploads\/2023\/03\/GIFTEDslider-1-1024x210.png 1024w, https:\/\/klikeraj.hr\/wp-content\/uploads\/2023\/03\/GIFTEDslider-1-300x61.png 300w, https:\/\/klikeraj.hr\/wp-content\/uploads\/2023\/03\/GIFTEDslider-1-768x157.png 768w, https:\/\/klikeraj.hr\/wp-content\/uploads\/2023\/03\/GIFTEDslider-1-1536x315.png 1536w, https:\/\/klikeraj.hr\/wp-content\/uploads\/2023\/03\/GIFTEDslider-1-973x199.png 973w, https:\/\/klikeraj.hr\/wp-content\/uploads\/2023\/03\/GIFTEDslider-1-508x104.png 508w, https:\/\/klikeraj.hr\/wp-content\/uploads\/2023\/03\/GIFTEDslider-1.png 1605w\" sizes=\"(max-width: 1024px) 100vw, 1024px\" \/><\/figure>\r\n\r\n\r\n\r\n<figure class=\"wp-block-image size-large\"><img loading=\"lazy\" decoding=\"async\" width=\"1024\" height=\"210\" class=\"wp-image-2676\" src=\"https:\/\/klikeraj.hr\/wp-content\/uploads\/2023\/03\/eusliderSITE-1024x210.png\" alt=\"\" srcset=\"https:\/\/klikeraj.hr\/wp-content\/uploads\/2023\/03\/eusliderSITE-1024x210.png 1024w, https:\/\/klikeraj.hr\/wp-content\/uploads\/2023\/03\/eusliderSITE-300x61.png 300w, https:\/\/klikeraj.hr\/wp-content\/uploads\/2023\/03\/eusliderSITE-768x157.png 768w, https:\/\/klikeraj.hr\/wp-content\/uploads\/2023\/03\/eusliderSITE-1536x315.png 1536w, https:\/\/klikeraj.hr\/wp-content\/uploads\/2023\/03\/eusliderSITE-973x199.png 973w, https:\/\/klikeraj.hr\/wp-content\/uploads\/2023\/03\/eusliderSITE-508x104.png 508w, https:\/\/klikeraj.hr\/wp-content\/uploads\/2023\/03\/eusliderSITE.png 1605w\" sizes=\"(max-width: 1024px) 100vw, 1024px\" \/><\/figure>\r\n","protected":false},"excerpt":{"rendered":"<p>Projekt GIFTED. \u010diji je nositelj Udru\u017eenje vaspita\u010da Vojvodine, usmjeren je na poticanje darovitosti u vrti\u0107ima. Projekt se provodio u periodu od 2020. do 2022. godine u patnerstvu sa&#8230;<\/p>\n","protected":false},"author":1,"featured_media":2682,"parent":0,"menu_order":0,"comment_status":"closed","ping_status":"closed","template":"","meta":{"_monsterinsights_skip_tracking":false,"_monsterinsights_sitenote_active":false,"_monsterinsights_sitenote_note":"","_monsterinsights_sitenote_category":0,"footnotes":""},"class_list":["post-2674","page","type-page","status-publish","has-post-thumbnail","hentry"],"_links":{"self":[{"href":"https:\/\/klikeraj.hr\/index.php\/wp-json\/wp\/v2\/pages\/2674"}],"collection":[{"href":"https:\/\/klikeraj.hr\/index.php\/wp-json\/wp\/v2\/pages"}],"about":[{"href":"https:\/\/klikeraj.hr\/index.php\/wp-json\/wp\/v2\/types\/page"}],"author":[{"embeddable":true,"href":"https:\/\/klikeraj.hr\/index.php\/wp-json\/wp\/v2\/users\/1"}],"replies":[{"embeddable":true,"href":"https:\/\/klikeraj.hr\/index.php\/wp-json\/wp\/v2\/comments?post=2674"}],"version-history":[{"count":2,"href":"https:\/\/klikeraj.hr\/index.php\/wp-json\/wp\/v2\/pages\/2674\/revisions"}],"predecessor-version":[{"id":2681,"href":"https:\/\/klikeraj.hr\/index.php\/wp-json\/wp\/v2\/pages\/2674\/revisions\/2681"}],"wp:featuredmedia":[{"embeddable":true,"href":"https:\/\/klikeraj.hr\/index.php\/wp-json\/wp\/v2\/media\/2682"}],"wp:attachment":[{"href":"https:\/\/klikeraj.hr\/index.php\/wp-json\/wp\/v2\/media?parent=2674"}],"curies":[{"name":"wp","href":"https:\/\/api.w.org\/{rel}","templated":true}]}}