{"id":2558,"date":"2022-11-22T19:04:05","date_gmt":"2022-11-22T19:04:05","guid":{"rendered":"https:\/\/klikeraj.hr\/?page_id=2558"},"modified":"2022-11-22T19:38:23","modified_gmt":"2022-11-22T19:38:23","slug":"interaktivna-predavanja","status":"publish","type":"page","link":"https:\/\/klikeraj.hr\/index.php\/interaktivna-predavanja\/","title":{"rendered":"Interaktivna predavanja"},"content":{"rendered":"\r\n<p>Projekt &#8220;\u0160kola za 21. stolje\u0107e, \u0161kola za kreativnost&#8221; projekt je izvaninstitucionalnog obrazovanja darovitih u\u010denika koji se provodi od 2016. godine. Nositelj projekta je Udruga Klikeraj iz Osijeka, uz financijsku podr\u0161ku Ministarstva znanosti i obrazovanja. Ove \u0161kolske godine realiziramo ga i u suradnji s Centrom za interdisciplinarna istra\u017eivanja Filozofskoga fakulteta u Osijeku.<\/p>\r\n\r\n\r\n\r\n<p>Projektom su predvi\u0111ena interaktivna predavanja koja \u0107e odr\u017eati stru\u010dnjaci iz Udruge Klikeraj. Predavana obuhva\u0107aju razli\u010dite teme iz podru\u010dja kreativnosti i darovitosti, a namijenjena su stru\u010dnjacima iz podru\u010dja dru\u0161tvenih i humanisti\u010dkih znanosti, posebice odgoja i obrazovanja.<\/p>\r\n\r\n\r\n\r\n<p>Predavanja \u0107e se odr\u017eati u prostorima FFOS-a u trajanju od 6 sati u sljede\u0107im terminima:<\/p>\r\n\r\n\r\n\r\n<p>10. prosinca 2022. | Identifikacija darovitosti u \u0161koli<br \/>17. prosinca 2022. | Projektno u\u010denje<br \/>14. sije\u010dnja 2023. | PBL: Primjeri dobre prakse<br \/>21. sije\u010dnja 2023. | Osnove filmske monta\u017ee<br \/>28. sije\u010dnja 2023. | Zarolaj klikere<\/p>\r\n\r\n\r\n\r\n<p>Poha\u0111anje svih predavanja slobodno je za sve zaposlenike FFOS-a, a zainteresirani se mogu prijaviti za sudjelovanje ispunjavanjem obrasca (u privitku) i slanjem na klikeraj@gmail.com do 1. prosinca 2022.<\/p>\r\n<p><a href=\"https:\/\/klikeraj.hr\/wp-content\/uploads\/2022\/11\/PRIJAVNI-OBRAZAC.docx\">PRIJAVNI OBRAZAC<\/a><\/p>\r\n\r\n\r\n\r\n<div class=\"wp-block-file\"><a class=\"wp-block-file__button\" href=\"blob:https:\/\/klikeraj.hr\/566e96b7-97a8-464f-b318-a897728e19ba\" download=\"\">Download<\/a><\/div>\r\n\r\n\r\n\r\n<p>&nbsp;<\/p>\r\n\r\n\r\n\r\n<p>&nbsp;<\/p>\r\n","protected":false},"excerpt":{"rendered":"<p>Projekt &#8220;\u0160kola za 21. stolje\u0107e, \u0161kola za kreativnost&#8221; projekt je izvaninstitucionalnog obrazovanja darovitih u\u010denika koji se provodi od 2016. godine. Nositelj projekta je Udruga Klikeraj iz Osijeka, uz&#8230;<\/p>\n","protected":false},"author":1,"featured_media":2564,"parent":0,"menu_order":0,"comment_status":"closed","ping_status":"closed","template":"","meta":{"_monsterinsights_skip_tracking":false,"_monsterinsights_sitenote_active":false,"_monsterinsights_sitenote_note":"","_monsterinsights_sitenote_category":0,"footnotes":""},"class_list":["post-2558","page","type-page","status-publish","has-post-thumbnail","hentry"],"_links":{"self":[{"href":"https:\/\/klikeraj.hr\/index.php\/wp-json\/wp\/v2\/pages\/2558"}],"collection":[{"href":"https:\/\/klikeraj.hr\/index.php\/wp-json\/wp\/v2\/pages"}],"about":[{"href":"https:\/\/klikeraj.hr\/index.php\/wp-json\/wp\/v2\/types\/page"}],"author":[{"embeddable":true,"href":"https:\/\/klikeraj.hr\/index.php\/wp-json\/wp\/v2\/users\/1"}],"replies":[{"embeddable":true,"href":"https:\/\/klikeraj.hr\/index.php\/wp-json\/wp\/v2\/comments?post=2558"}],"version-history":[{"count":4,"href":"https:\/\/klikeraj.hr\/index.php\/wp-json\/wp\/v2\/pages\/2558\/revisions"}],"predecessor-version":[{"id":2563,"href":"https:\/\/klikeraj.hr\/index.php\/wp-json\/wp\/v2\/pages\/2558\/revisions\/2563"}],"wp:featuredmedia":[{"embeddable":true,"href":"https:\/\/klikeraj.hr\/index.php\/wp-json\/wp\/v2\/media\/2564"}],"wp:attachment":[{"href":"https:\/\/klikeraj.hr\/index.php\/wp-json\/wp\/v2\/media?parent=2558"}],"curies":[{"name":"wp","href":"https:\/\/api.w.org\/{rel}","templated":true}]}}