{"id":21,"date":"2018-02-04T16:02:30","date_gmt":"2018-02-04T16:02:30","guid":{"rendered":"http:\/\/klikeraj.hr\/?page_id=21"},"modified":"2025-06-03T18:52:46","modified_gmt":"2025-06-03T18:52:46","slug":"projekti","status":"publish","type":"page","link":"https:\/\/klikeraj.hr\/index.php\/projekti\/","title":{"rendered":"Projekti"},"content":{"rendered":"<ul>\n<li><strong>Savjetovali\u0161te za djecu i roditelje Sidro<\/strong>\u00a0(2020., 2021.)<\/li>\n<li><strong>Sidro \u0110akovo&#8221; | <\/strong>radionice emocionalnih kompetencija za djecu (2019., 2020., 2021.)<\/li>\n<li><strong>Sidro Osijek |<\/strong>\u00a0radionice emocionalnih kompetencija za djecu (2019.)<\/li>\n<li><strong>Knji\u017eevni poligon |<\/strong> projekt poticanja \u010ditateljskih navika i jezi\u010dne kreativnosti (2017.\/18., 2018.\/19., 2019.\/20., 2020.\/21., 2021.\/22., 2022.\/23., 2023.\/24.)<\/li>\n<li><strong>\u0160kola za 21. stolje\u0107e, \u0161kola za kreativnost |<\/strong> projekt poticanja kreativnosti darovitih u\u010denika (2016.\/17., 2018.\/19., 2019.\/20., 2021.\/22., 2022.\/23.)<\/li>\n<li><strong>Veliki potencijal male zajednice |<\/strong> projekt poticanja kriti\u010dkog mi\u0161ljenja i emocionalnih kompetencija darovitih u\u010denika (2018.\/2019.)<\/li>\n<\/ul>\n<h3>Partnerstva<\/h3>\n<ul>\n<li>2021.\/2023. Radna akcija: STEM (Astronomsko dru\u0161tvo Vi\u0161njan)<\/li>\n<li>2021.\/2023. Rijeke znanja (Hrvatsko prirodoslovno dru\u0161tvo)<\/li>\n<li><a style=\"background-color: #0b2128 !important; --link-color: #5eafed !important; --link-color-hover: #7abdf0 !important; --link-color-active: #5eafed !important; --visited-color: #9464e8 !important; --visited-color-hover: #a67eec !important; --visited-color-active: #9464e8 !important;\" href=\"https:\/\/klikeraj.hr\/index.php\/gifted-inovativni-pristupi-u-poticanju-darovitosti\/\" data-darkreader-inline-bgcolor=\"\">2020.\/2022. GIFTED Inovativni pristupi u poticanu darovitosti<\/a> (Udru\u017eenje vaspita\u010da Vojvodine, Erasmus+)<\/li>\n<\/ul>\n<h3><\/h3>\n<h3>Suradnje<\/h3>\n<ul>\n<li>2021. Medijacijski centar &#8220;MSvijet&#8221; &#8211; konceptualizacija i dizajn didakti\u010dkih igara za poticanje kompetencija miroljubivog rje\u0161avanja problema i socijalnih vje\u0161tina u konfliktnim situacijama<\/li>\n<li>2017.\/2018. \u201cUnaprje\u0111enje pismenosti \u2013 temelj cjelo\u017eivotnog u\u010denja\u201d<\/li>\n<li>2017.\/2018. \u201cKreativni laboratoriji\u201d \u2013 projekt poticanja darovitosti u\u010denika osnovnih \u0161kola u Slavoniji<\/li>\n<li>2015.\/2016. \u201cZnanjem do razvoja\u201d \u2013 Erasmus+ projekt Gimnazije Ptuj i Jezi\u010dne gimnazije Osijek usmjeren prema razvijanju poduzetnosti<\/li>\n<li>2015.\/2016. &#8220;Prirodne znanosti su in&#8221; &#8211; Projekt Gimnazije Matije Antuna Reljkovi\u0107a (Vinkovci) i Odjela za biologiju (Sveu\u010dili\u0161te J.J.Strossmayera u Osijeku)<\/li>\n<\/ul>\n<h3>Partneri<\/h3>\n<p>ll. Gimnazija, Osijek<br \/>\nAgencija za odgoj i obrazovanje (AZOO)<br \/>\nAlfa d.d. izdava\u010dka ku\u0107a, Zagreb<br \/>\nArheolo\u0161ki muzej, Osijek<br \/>\nAstronomsko dru\u0161tvo Vi\u0161njan<br \/>\nDje\u010dji vrti\u0107 &#8220;Masla\u010dak&#8221;, Beli\u0161\u0107e<br \/>\nDje\u010dji vrti\u0107 &#8220;Maza&#8221;, Valpovo<br \/>\nDje\u010dji vrti\u0107 &#8220;Vukovar 2&#8221;, Vukovar<br \/>\nDje\u010dji vrti\u0107 &#8220;Zeko&#8221;, Kne\u017eevi Vinogradi<br \/>\nDje\u010dji vrti\u0107 &#8220;\u017duto pa\u010de&#8221;, Zadar<br \/>\nDru\u0161tvo psihologa Brodsko-posavske \u017eupanije<br \/>\nDru\u0161tvo psihologa Osijek<br \/>\nElektrotehni\u010dka i prometna \u0161kola, Osijek<br \/>\nEuropean Talent Support Network (ETSN)<br \/>\nFakultet za odgojne i obrazovne znanosti Osijek (FOOZOS)<br \/>\nFilozofski fakultet Osijek (FFOS)<br \/>\nFilozofski fakultet Zagreb (FFZG)<br \/>\nGimnazija Matije Antuna Reljkovi\u0107a, Vinkovci<br \/>\nGrad \u0110akovo<br \/>\nGrad Koprivnica<br \/>\nGrad Osijek<br \/>\nGradska knji\u017enica, \u0110akovo<br \/>\nHrvatska banka za obnovu i razvitak (HBOR)<br \/>\nHrvatski zavod za zdravstveno osiguranje (HZZO)<br \/>\nHrvatsko prirodoslovno dru\u0161tvo<br \/>\nMedijacijski centar &#8220;MSvijet&#8221;, Osijek<br \/>\nMinistarstvo znanosti i obrazovanja RH (MZO)<br \/>\nNarodna knji\u017enica i \u010ditaonica sv. Benedikta, Nu\u0161tar<br \/>\nOdjel za biologiju Sveu\u010dili\u0161ta J.J. Strossmayera u Osijeku<br \/>\nOsje\u010dko-baranjska \u017eupanija<br \/>\nPravni fakultet Osijek<br \/>\nUdruga &#8220;Novi film&#8221;, Osijek<br \/>\nUdru\u017eenje vaspita\u010da Vojvodine, Novi Sad<br \/>\nUgostiteljsko-turisti\u010dka \u0161kola, Osijek<br \/>\nUniverza v Maribore<br \/>\nZoolo\u0161ki vrt Osijek<\/p>\n","protected":false},"excerpt":{"rendered":"<p>Savjetovali\u0161te za djecu i roditelje Sidro\u00a0(2020., 2021.) Sidro \u0110akovo&#8221; | radionice emocionalnih kompetencija za djecu (2019., 2020., 2021.) Sidro Osijek |\u00a0radionice emocionalnih kompetencija za djecu (2019.) Knji\u017eevni poligon&#8230;<\/p>\n","protected":false},"author":1,"featured_media":3183,"parent":0,"menu_order":0,"comment_status":"closed","ping_status":"closed","template":"","meta":{"_monsterinsights_skip_tracking":false,"_monsterinsights_sitenote_active":false,"_monsterinsights_sitenote_note":"","_monsterinsights_sitenote_category":0,"footnotes":""},"class_list":["post-21","page","type-page","status-publish","has-post-thumbnail","hentry"],"_links":{"self":[{"href":"https:\/\/klikeraj.hr\/index.php\/wp-json\/wp\/v2\/pages\/21"}],"collection":[{"href":"https:\/\/klikeraj.hr\/index.php\/wp-json\/wp\/v2\/pages"}],"about":[{"href":"https:\/\/klikeraj.hr\/index.php\/wp-json\/wp\/v2\/types\/page"}],"author":[{"embeddable":true,"href":"https:\/\/klikeraj.hr\/index.php\/wp-json\/wp\/v2\/users\/1"}],"replies":[{"embeddable":true,"href":"https:\/\/klikeraj.hr\/index.php\/wp-json\/wp\/v2\/comments?post=21"}],"version-history":[{"count":27,"href":"https:\/\/klikeraj.hr\/index.php\/wp-json\/wp\/v2\/pages\/21\/revisions"}],"predecessor-version":[{"id":3184,"href":"https:\/\/klikeraj.hr\/index.php\/wp-json\/wp\/v2\/pages\/21\/revisions\/3184"}],"wp:featuredmedia":[{"embeddable":true,"href":"https:\/\/klikeraj.hr\/index.php\/wp-json\/wp\/v2\/media\/3183"}],"wp:attachment":[{"href":"https:\/\/klikeraj.hr\/index.php\/wp-json\/wp\/v2\/media?parent=21"}],"curies":[{"name":"wp","href":"https:\/\/api.w.org\/{rel}","templated":true}]}}