{"id":2091,"date":"2021-10-21T14:18:07","date_gmt":"2021-10-21T14:18:07","guid":{"rendered":"https:\/\/klikeraj.hr\/?page_id=2091"},"modified":"2022-09-04T18:45:50","modified_gmt":"2022-09-04T18:45:50","slug":"radionice-2022-2023","status":"publish","type":"page","link":"https:\/\/klikeraj.hr\/index.php\/programi\/radionice-2022-2023\/","title":{"rendered":"Radionice 2022.\/2023."},"content":{"rendered":"\n<p><strong>IMAM IDEJU!<\/strong><\/p>\n\n\n\n<p>Radionice programa Imam ideju! se odr\u017eavaju u Tvr\u0111i u  prostorima Stare pekare &#8211; Edukativni i informativni turisti\u010dki centar mladih (Trg Vatroslava Lisinskog 11, 31000, Osijek) prema navedenom rasporedu. Prijave na linku putem obrasca.<\/p>\n\n\n\n<p>Molimo odrasle osobe koje prijavljuju djecu  da prvo pro\u010ditaju na na\u0161im stranicama o kakvim programima se radi. Tako\u0111er, rado \u0107emo odgovoriti na sve Va\u0161e upite putem maila, dru\u0161tvenih mre\u017ea ili poziva. Ogledne sate NE odr\u017eavamo. Broj mjesta u grupama je ograni\u010den na 8. Zbog \u010destih ranijih slu\u010dajeva djece koja su se predbilje\u017eila, no nikada nisu do\u0161la na upis niti je njihovo sudjelovanje otkazano, molimo roditelje da nam na ovaj na\u010din olak\u0161aju organizaciju i po\u010detak rada u stabilnim grupama djece. Na sve upite \u0107emo rado odgovoriti na klikeraj.radionice@gmail.com ili na poziv na broj telefona 0989572025 (Marija) ili 0917885213 (Ivana). <\/p>\n\n\n\n<p><\/p>\n\n\n\n<p><strong>Tko su voditelji?<\/strong><\/p>\n\n\n\n<p>Marija Delinger i Ivana Tucak Rogulji\u0107 koje su i \u010dlanice Udruge Klikeraj. <\/p>\n\n\n\n<p><strong>Cijena<\/strong><\/p>\n\n\n\n<p>Mjese\u010dna cijena iznosi 250 kn ili 33 eur.  Program traje od sredine rujna do sredine lipnja.<\/p>\n\n\n\n<p><strong>Prijave<\/strong><\/p>\n\n\n\n<p>Utorak GRUPA 1  ( djeca od 1. do 4.razreda) 17:30 do 18:30   <a href=\"https:\/\/docs.google.com\/forms\/d\/e\/1FAIpQLSfo1u5iONaoi0XKz3MenXNonx-2iU0x22Ml7Bf57iBCgouxDA\/viewform?usp=sf_link\" data-type=\"URL\" data-id=\"https:\/\/docs.google.com\/forms\/d\/e\/1FAIpQLSfo1u5iONaoi0XKz3MenXNonx-2iU0x22Ml7Bf57iBCgouxDA\/viewform?usp=sf_link\" target=\"_blank\" rel=\"noreferrer noopener\">PRIJAVA<\/a><\/p>\n\n\n\n<p>Utorak GRUPA 2 (djeca od 1. do 4.razreda) 18:45 do 19:45   <a href=\"https:\/\/docs.google.com\/forms\/d\/e\/1FAIpQLSdu0N91WzzTqKiaKQLTgqz27RU9BQiUHwNiamygCWgy9tImMQ\/viewform?usp=sf_link\" target=\"_blank\" rel=\"noreferrer noopener\">PRIJAVA<\/a><\/p>\n\n\n\n<p>\u010cetvrtak GRUPA 3  (djeca od 5 i 6 godina) 17:30 do 18:30     <a href=\"https:\/\/docs.google.com\/forms\/d\/e\/1FAIpQLSeBebHSJR89U8ktVy6X5fWyViKBItjD67xuWpF1SIwBSvd_Mg\/viewform?usp=sf_link\" target=\"_blank\" rel=\"noreferrer noopener\">PRIJAVA<\/a><\/p>\n\n\n\n<p>\u010cetvrtak GRUPA 4 &#8211; matematika ( 1. do 4. raz ) 18:45 do 19:45 <a href=\"https:\/\/docs.google.com\/forms\/d\/e\/1FAIpQLSd4LXoIR8HTBOvFjYYu7RqxP_TIye8Cy0-10lUwIlPVD9muOA\/viewform?usp=sf_link\" target=\"_blank\" rel=\"noreferrer noopener\">PRIJAVA<\/a><\/p>\n\n\n\n<p>Grupa se odr\u017eava  za djecu s poja\u010danim interesom za matematiku i brojeve. Za sve upite za ovu grupu zvati Ivanu. <\/p>\n\n\n\n<p>Petak GRUPA 5- (djeca od 5 i 6 godina) od 17:30 do 18:30    <a href=\"https:\/\/docs.google.com\/forms\/d\/e\/1FAIpQLSf6JCEDMoiMY7Hg9hYQ91EUroBJFVEv-TuuvelX90Nm1fOw3w\/viewform?usp=sf_link\" target=\"_blank\" rel=\"noreferrer noopener\">PRIJAVA<\/a><\/p>\n\n\n\n<p>Program SIDRO u \u0161kolskoj godini \u0107e krenuti ne\u0161to kasnije. Svi zainteresirani mogu se predbilje\u017eiti na linku  <a href=\"https:\/\/docs.google.com\/forms\/d\/e\/1FAIpQLSdGzzRIbj8R3ds7BxA9Oewh6I7JRV-lc5m91d0jFx33mnfefQ\/viewform?usp=sf_link\" data-type=\"URL\" data-id=\"https:\/\/docs.google.com\/forms\/d\/e\/1FAIpQLSdGzzRIbj8R3ds7BxA9Oewh6I7JRV-lc5m91d0jFx33mnfefQ\/viewform?usp=sf_link\" target=\"_blank\" rel=\"noreferrer noopener\">PREDBILJE\u017dBE<\/a><\/p>\n\n\n\n<p><strong>Vi\u0161e o programima<\/strong><\/p>\n\n\n\n<p><a href=\"https:\/\/klikeraj.hr\/index.php\/poticanje-razvoja-za-djecu\/\" data-type=\"URL\" data-id=\"https:\/\/klikeraj.hr\/index.php\/poticanje-razvoja-za-djecu\/\" target=\"_blank\" rel=\"noreferrer noopener\">Imam ideju! <\/a><\/p>\n\n\n\n<p><a href=\"https:\/\/klikeraj.hr\/index.php\/2019\/12\/17\/egipat-zavrsetak-3-modula-programa-imam-ideju\/\" data-type=\"URL\" data-id=\"https:\/\/klikeraj.hr\/index.php\/2019\/12\/17\/egipat-zavrsetak-3-modula-programa-imam-ideju\/\" target=\"_blank\" rel=\"noreferrer noopener\">Projektno u\u010denje primjer 1<\/a><\/p>\n\n\n\n<p><a href=\"https:\/\/klikeraj.hr\/index.php\/2018\/10\/21\/projektno-ucenje-i-ikt\/\" data-type=\"URL\" data-id=\"https:\/\/klikeraj.hr\/index.php\/2018\/10\/21\/projektno-ucenje-i-ikt\/\" target=\"_blank\" rel=\"noreferrer noopener\">Projektno u\u010denje primjer 2<\/a><\/p>\n","protected":false},"excerpt":{"rendered":"<p>IMAM IDEJU! Radionice programa Imam ideju! se odr\u017eavaju u Tvr\u0111i u prostorima Stare pekare &#8211; Edukativni i informativni turisti\u010dki centar mladih (Trg Vatroslava Lisinskog 11, 31000, Osijek) prema&#8230;<\/p>\n","protected":false},"author":2,"featured_media":2470,"parent":1200,"menu_order":1,"comment_status":"open","ping_status":"closed","template":"","meta":{"_monsterinsights_skip_tracking":false,"_monsterinsights_sitenote_active":false,"_monsterinsights_sitenote_note":"","_monsterinsights_sitenote_category":0,"footnotes":""},"class_list":["post-2091","page","type-page","status-publish","has-post-thumbnail","hentry"],"_links":{"self":[{"href":"https:\/\/klikeraj.hr\/index.php\/wp-json\/wp\/v2\/pages\/2091"}],"collection":[{"href":"https:\/\/klikeraj.hr\/index.php\/wp-json\/wp\/v2\/pages"}],"about":[{"href":"https:\/\/klikeraj.hr\/index.php\/wp-json\/wp\/v2\/types\/page"}],"author":[{"embeddable":true,"href":"https:\/\/klikeraj.hr\/index.php\/wp-json\/wp\/v2\/users\/2"}],"replies":[{"embeddable":true,"href":"https:\/\/klikeraj.hr\/index.php\/wp-json\/wp\/v2\/comments?post=2091"}],"version-history":[{"count":12,"href":"https:\/\/klikeraj.hr\/index.php\/wp-json\/wp\/v2\/pages\/2091\/revisions"}],"predecessor-version":[{"id":2475,"href":"https:\/\/klikeraj.hr\/index.php\/wp-json\/wp\/v2\/pages\/2091\/revisions\/2475"}],"up":[{"embeddable":true,"href":"https:\/\/klikeraj.hr\/index.php\/wp-json\/wp\/v2\/pages\/1200"}],"wp:featuredmedia":[{"embeddable":true,"href":"https:\/\/klikeraj.hr\/index.php\/wp-json\/wp\/v2\/media\/2470"}],"wp:attachment":[{"href":"https:\/\/klikeraj.hr\/index.php\/wp-json\/wp\/v2\/media?parent=2091"}],"curies":[{"name":"wp","href":"https:\/\/api.w.org\/{rel}","templated":true}]}}