{"id":1621,"date":"2021-03-16T17:46:06","date_gmt":"2021-03-16T17:46:06","guid":{"rendered":"https:\/\/klikeraj.hr\/?page_id=1621"},"modified":"2021-10-15T14:36:19","modified_gmt":"2021-10-15T14:36:19","slug":"newsletter","status":"publish","type":"page","link":"https:\/\/klikeraj.hr\/index.php\/newsletter\/","title":{"rendered":"Newsletter"},"content":{"rendered":"<p>Ako \u017eelite putem e-maila dobivati obavijesti o novostima, pozivma i projektima na\u0161e organizacije predbilje\u017eite se na na\u0161 newsletter.<\/p>\n<p><a style=\"--link-color: #71b8ef !important; --link-color-hover: #8cc6f2 !important; --link-color-active: #6cb6ef !important; --visited-color: #a075ea !important; --visited-color-hover: #b390ee !important; --visited-color-active: #9d71ea !important;\" href=\"https:\/\/docs.google.com\/forms\/d\/1meBWfjfL5hA_gxu6_ZwRx5mu3kVD8Zr-_UN1LOXe0Uk\/edit?usp=sharing\"><img loading=\"lazy\" decoding=\"async\" class=\"alignleft size-thumbnail wp-image-1622\" style=\"filter: saturate(0.9) brightness(0.8); --link-color: #71b8ef !important; --link-color-hover: #8cc6f2 !important; --link-color-active: #6cb6ef !important; --visited-color: #a075ea !important; --visited-color-hover: #b390ee !important; --visited-color-active: #9d71ea !important;\" src=\"https:\/\/klikeraj.hr\/wp-content\/uploads\/2021\/03\/Copy-of-Copy-of-Copy-of-Osameljena_-1-150x150.jpg\" alt=\"\" width=\"150\" height=\"150\" srcset=\"https:\/\/klikeraj.hr\/wp-content\/uploads\/2021\/03\/Copy-of-Copy-of-Copy-of-Osameljena_-1-150x150.jpg 150w, https:\/\/klikeraj.hr\/wp-content\/uploads\/2021\/03\/Copy-of-Copy-of-Copy-of-Osameljena_-1-300x300.jpg 300w, https:\/\/klikeraj.hr\/wp-content\/uploads\/2021\/03\/Copy-of-Copy-of-Copy-of-Osameljena_-1-1024x1024.jpg 1024w, https:\/\/klikeraj.hr\/wp-content\/uploads\/2021\/03\/Copy-of-Copy-of-Copy-of-Osameljena_-1-768x768.jpg 768w, https:\/\/klikeraj.hr\/wp-content\/uploads\/2021\/03\/Copy-of-Copy-of-Copy-of-Osameljena_-1-88x88.jpg 88w, https:\/\/klikeraj.hr\/wp-content\/uploads\/2021\/03\/Copy-of-Copy-of-Copy-of-Osameljena_-1-973x973.jpg 973w, https:\/\/klikeraj.hr\/wp-content\/uploads\/2021\/03\/Copy-of-Copy-of-Copy-of-Osameljena_-1-508x508.jpg 508w, https:\/\/klikeraj.hr\/wp-content\/uploads\/2021\/03\/Copy-of-Copy-of-Copy-of-Osameljena_-1.jpg 1080w\" sizes=\"(max-width: 150px) 100vw, 150px\" \/><\/a><\/p>\n<p><a style=\"background-color: #0b2128 !important; --link-color: #5eb4ed !important; --link-color-hover: #7ac1f0 !important; --link-color-active: #5eb4ed !important; --visited-color: #9464e8 !important; --visited-color-hover: #a67eec !important; --visited-color-active: #9464e8 !important;\" href=\"https:\/\/docs.google.com\/forms\/d\/1VNlUqmGvKk1yNwflf2Au66KORrOtHAZMarNJa8sfon0\/edit?usp=sharing\"><br style=\"--link-color: #71bdef !important; --link-color-hover: #8cc9f2 !important; --link-color-active: #6cbaef !important; --visited-color: #a075ea !important; --visited-color-hover: #b390ee !important; --visited-color-active: #9d71ea !important;\" \/><br style=\"--link-color: #66aee6 !important; --link-color-hover: #80bcea !important; --link-color-active: #66aee6 !important; --visited-color: #9464e8 !important; --visited-color-hover: #a67eec !important; --visited-color-active: #9464e8 !important;\" \/><\/a><\/p>\n","protected":false},"excerpt":{"rendered":"<p>Ako \u017eelite putem e-maila dobivati obavijesti o novostima, pozivma i projektima na\u0161e organizacije predbilje\u017eite se na na\u0161 newsletter.<\/p>\n","protected":false},"author":1,"featured_media":1628,"parent":0,"menu_order":0,"comment_status":"closed","ping_status":"closed","template":"","meta":{"_monsterinsights_skip_tracking":false,"_monsterinsights_sitenote_active":false,"_monsterinsights_sitenote_note":"","_monsterinsights_sitenote_category":0,"footnotes":""},"class_list":["post-1621","page","type-page","status-publish","has-post-thumbnail","hentry"],"_links":{"self":[{"href":"https:\/\/klikeraj.hr\/index.php\/wp-json\/wp\/v2\/pages\/1621"}],"collection":[{"href":"https:\/\/klikeraj.hr\/index.php\/wp-json\/wp\/v2\/pages"}],"about":[{"href":"https:\/\/klikeraj.hr\/index.php\/wp-json\/wp\/v2\/types\/page"}],"author":[{"embeddable":true,"href":"https:\/\/klikeraj.hr\/index.php\/wp-json\/wp\/v2\/users\/1"}],"replies":[{"embeddable":true,"href":"https:\/\/klikeraj.hr\/index.php\/wp-json\/wp\/v2\/comments?post=1621"}],"version-history":[{"count":5,"href":"https:\/\/klikeraj.hr\/index.php\/wp-json\/wp\/v2\/pages\/1621\/revisions"}],"predecessor-version":[{"id":2101,"href":"https:\/\/klikeraj.hr\/index.php\/wp-json\/wp\/v2\/pages\/1621\/revisions\/2101"}],"wp:featuredmedia":[{"embeddable":true,"href":"https:\/\/klikeraj.hr\/index.php\/wp-json\/wp\/v2\/media\/1628"}],"wp:attachment":[{"href":"https:\/\/klikeraj.hr\/index.php\/wp-json\/wp\/v2\/media?parent=1621"}],"curies":[{"name":"wp","href":"https:\/\/api.w.org\/{rel}","templated":true}]}}