{"id":16,"date":"2018-02-04T15:59:31","date_gmt":"2018-02-04T15:59:31","guid":{"rendered":"http:\/\/klikeraj.hr\/?page_id=16"},"modified":"2025-06-03T18:49:23","modified_gmt":"2025-06-03T18:49:23","slug":"edukacije","status":"publish","type":"page","link":"https:\/\/klikeraj.hr\/index.php\/edukacije\/","title":{"rendered":"Edukacije"},"content":{"rendered":"<div id=\"pl-16\"  class=\"panel-layout\" ><div id=\"pg-16-0\"  class=\"panel-grid panel-no-style\" ><div id=\"pgc-16-0-0\"  class=\"panel-grid-cell\" ><div id=\"panel-16-0-0-0\" class=\"so-panel widget widget_sow-editor panel-first-child panel-last-child\" data-index=\"0\" ><div\n\t\t\t\n\t\t\tclass=\"so-widget-sow-editor so-widget-sow-editor-base\"\n\t\t\t\n\t\t>\n<div class=\"siteorigin-widget-tinymce textwidget\">\n\t<p>Edukacije iz razli\u010ditih podru\u010dja kognitivne i razvojne psihologije te psihologije kreativnosti i darovitosti namijenjene su odgojno-obrazovnim stru\u010dnjacima i edukatorima koji se u svom svakodnevnom radu bave dje\u010djim razvojem.<br \/>\nEdukacije tematiziraju specifi\u010dne aspekte odgojno-obrazovnog rada u poticanju kognitivnog, socioemocionalnog i osobnog razvoja darovitih mali\u0161ana:<\/p>\n<p>Za sve informacije i upite kontaktirajte nas na klikeraj@gmail.com<\/p>\n<p>Predbilje\u017ebe 2025.<\/p>\n<p><a href=\"https:\/\/docs.google.com\/forms\/d\/e\/1FAIpQLSfFJLT2jIoo4Efnbp46pc3X-kbtU3SBPvs39_CCwHQIQh8Vpg\/viewform?usp=sf_link\">IDENTIFIKACIJA DAROVITOSTI-Osijek<\/a><\/p>\n<p><a href=\"https:\/\/docs.google.com\/forms\/d\/e\/1FAIpQLScQw69Oxg6OLTIKES3HBcM4ZDA8qicge8al3WaGB5KRGfgxIA\/viewform?usp=sf_link\">IDENTIFIKACIJA DAROVITOSTI-online<\/a><\/p>\n<p><a href=\"https:\/\/docs.google.com\/forms\/d\/e\/1FAIpQLSeMzbMvhIh4RsLcAYWLDPHpC6W7vZJCwL8QFJECa6XKB7oTgw\/viewform?usp=sf_link\">ZAROLAJ KLIKERE-Osijek<\/a><\/p>\n<p><a href=\"https:\/\/docs.google.com\/forms\/d\/e\/1FAIpQLSdn0Cse8YGirJosZix661VIOmgXjC771trx4T4LMy6CXqUOfw\/viewform?usp=sf_link\">ZAROLAJ KLIKERE-online<\/a><\/p>\n<p><a href=\"https:\/\/docs.google.com\/forms\/d\/e\/1FAIpQLSeA-OYYAMtqkxQ1DodkvmgNihAF5sJNKRorb4XeQxS6CFDwsg\/viewform?usp=sf_link\">INDIVIDUALIZIRANI KURIKULUM-online<\/a><\/p>\n<p><a href=\"https:\/\/docs.google.com\/forms\/d\/e\/1FAIpQLScHdVW6dCTazzvmGIqgydjJK-V_znM2gGsIuK8IbSsSBSc4cw\/viewform?usp=sf_link\">RAZLIKOVNI KURIKULUM-ONLINE<\/a><\/p>\n<\/div>\n<\/div><\/div><\/div><\/div><div id=\"pg-16-1\"  class=\"panel-grid panel-no-style\" ><div id=\"pgc-16-1-0\"  class=\"panel-grid-cell\" ><div id=\"panel-16-1-0-0\" class=\"so-panel widget widget_black-studio-tinymce widget_black_studio_tinymce panel-first-child\" data-index=\"1\" ><div class=\"textwidget\"><p><a href=\"https:\/\/klikeraj.hr\/index.php\/kreativnost\/\"><img loading=\"lazy\" decoding=\"async\" class=\"aligncenter size-large wp-image-2858\" src=\"https:\/\/klikeraj.hr\/wp-content\/uploads\/2023\/05\/Darovitost-1024x577.jpg\" alt=\"\" width=\"620\" height=\"349\" srcset=\"https:\/\/klikeraj.hr\/wp-content\/uploads\/2023\/05\/Darovitost-1024x577.jpg 1024w, https:\/\/klikeraj.hr\/wp-content\/uploads\/2023\/05\/Darovitost-300x169.jpg 300w, https:\/\/klikeraj.hr\/wp-content\/uploads\/2023\/05\/Darovitost-768x433.jpg 768w, https:\/\/klikeraj.hr\/wp-content\/uploads\/2023\/05\/Darovitost-1536x865.jpg 1536w, https:\/\/klikeraj.hr\/wp-content\/uploads\/2023\/05\/Darovitost-973x548.jpg 973w, https:\/\/klikeraj.hr\/wp-content\/uploads\/2023\/05\/Darovitost-508x286.jpg 508w, https:\/\/klikeraj.hr\/wp-content\/uploads\/2023\/05\/Darovitost.jpg 1640w\" sizes=\"(max-width: 620px) 100vw, 620px\" \/><\/a><\/p>\n<\/div><\/div><div id=\"panel-16-1-0-1\" class=\"so-panel widget widget_black-studio-tinymce widget_black_studio_tinymce panel-last-child\" data-index=\"2\" ><div class=\"textwidget\"><p><a href=\"https:\/\/klikeraj.hr\/index.php\/emocionalni-razvoj-darovitih-ucenika\/\"><img loading=\"lazy\" decoding=\"async\" class=\"aligncenter size-large wp-image-2865\" src=\"https:\/\/klikeraj.hr\/wp-content\/uploads\/2023\/05\/Emocioalni-razvoj-1024x577.jpg\" alt=\"\" width=\"620\" height=\"349\" srcset=\"https:\/\/klikeraj.hr\/wp-content\/uploads\/2023\/05\/Emocioalni-razvoj-1024x577.jpg 1024w, https:\/\/klikeraj.hr\/wp-content\/uploads\/2023\/05\/Emocioalni-razvoj-300x169.jpg 300w, https:\/\/klikeraj.hr\/wp-content\/uploads\/2023\/05\/Emocioalni-razvoj-768x433.jpg 768w, https:\/\/klikeraj.hr\/wp-content\/uploads\/2023\/05\/Emocioalni-razvoj-1536x865.jpg 1536w, https:\/\/klikeraj.hr\/wp-content\/uploads\/2023\/05\/Emocioalni-razvoj-973x548.jpg 973w, https:\/\/klikeraj.hr\/wp-content\/uploads\/2023\/05\/Emocioalni-razvoj-508x286.jpg 508w, https:\/\/klikeraj.hr\/wp-content\/uploads\/2023\/05\/Emocioalni-razvoj.jpg 1640w\" sizes=\"(max-width: 620px) 100vw, 620px\" \/><\/a><\/p>\n<\/div><\/div><\/div><div id=\"pgc-16-1-1\"  class=\"panel-grid-cell\" ><div id=\"panel-16-1-1-0\" class=\"so-panel widget widget_black-studio-tinymce widget_black_studio_tinymce panel-first-child\" data-index=\"3\" ><div class=\"textwidget\"><p><a href=\"https:\/\/klikeraj.hr\/index.php\/darovitost\/\"><img loading=\"lazy\" decoding=\"async\" class=\"aligncenter size-large wp-image-2861\" src=\"https:\/\/klikeraj.hr\/wp-content\/uploads\/2023\/05\/Kreativnost-1024x577.jpg\" alt=\"\" width=\"620\" height=\"349\" srcset=\"https:\/\/klikeraj.hr\/wp-content\/uploads\/2023\/05\/Kreativnost-1024x577.jpg 1024w, https:\/\/klikeraj.hr\/wp-content\/uploads\/2023\/05\/Kreativnost-300x169.jpg 300w, https:\/\/klikeraj.hr\/wp-content\/uploads\/2023\/05\/Kreativnost-768x433.jpg 768w, https:\/\/klikeraj.hr\/wp-content\/uploads\/2023\/05\/Kreativnost-1536x865.jpg 1536w, https:\/\/klikeraj.hr\/wp-content\/uploads\/2023\/05\/Kreativnost-973x548.jpg 973w, https:\/\/klikeraj.hr\/wp-content\/uploads\/2023\/05\/Kreativnost-508x286.jpg 508w, https:\/\/klikeraj.hr\/wp-content\/uploads\/2023\/05\/Kreativnost.jpg 1640w\" sizes=\"(max-width: 620px) 100vw, 620px\" \/><\/a><\/p>\n<\/div><\/div><div id=\"panel-16-1-1-1\" class=\"so-panel widget widget_black-studio-tinymce widget_black_studio_tinymce panel-last-child\" data-index=\"4\" ><div class=\"textwidget\"><p><a href=\"https:\/\/klikeraj.hr\/index.php\/projektno-ucenje\/\"><img loading=\"lazy\" decoding=\"async\" class=\"aligncenter size-large wp-image-2863\" src=\"https:\/\/klikeraj.hr\/wp-content\/uploads\/2023\/05\/Obrazovanje-1024x577.jpg\" alt=\"\" width=\"620\" height=\"349\" srcset=\"https:\/\/klikeraj.hr\/wp-content\/uploads\/2023\/05\/Obrazovanje-1024x577.jpg 1024w, https:\/\/klikeraj.hr\/wp-content\/uploads\/2023\/05\/Obrazovanje-300x169.jpg 300w, https:\/\/klikeraj.hr\/wp-content\/uploads\/2023\/05\/Obrazovanje-768x433.jpg 768w, https:\/\/klikeraj.hr\/wp-content\/uploads\/2023\/05\/Obrazovanje-1536x865.jpg 1536w, https:\/\/klikeraj.hr\/wp-content\/uploads\/2023\/05\/Obrazovanje-973x548.jpg 973w, https:\/\/klikeraj.hr\/wp-content\/uploads\/2023\/05\/Obrazovanje-508x286.jpg 508w, https:\/\/klikeraj.hr\/wp-content\/uploads\/2023\/05\/Obrazovanje.jpg 1640w\" sizes=\"(max-width: 620px) 100vw, 620px\" \/><\/a><\/p>\n<\/div><\/div><\/div><\/div><\/div>","protected":false},"excerpt":{"rendered":"<p>Edukacije iz razli\u010ditih podru\u010dja kognitivne i razvojne psihologije te psihologije kreativnosti i darovitosti namijenjene su odgojno-obrazovnim stru\u010dnjacima i edukatorima koji se u svom svakodnevnom radu bave dje\u010djim razvojem&#8230;.<\/p>\n","protected":false},"author":1,"featured_media":3182,"parent":0,"menu_order":0,"comment_status":"closed","ping_status":"closed","template":"","meta":{"_monsterinsights_skip_tracking":false,"_monsterinsights_sitenote_active":false,"_monsterinsights_sitenote_note":"","_monsterinsights_sitenote_category":0,"footnotes":""},"class_list":["post-16","page","type-page","status-publish","has-post-thumbnail","hentry"],"_links":{"self":[{"href":"https:\/\/klikeraj.hr\/index.php\/wp-json\/wp\/v2\/pages\/16"}],"collection":[{"href":"https:\/\/klikeraj.hr\/index.php\/wp-json\/wp\/v2\/pages"}],"about":[{"href":"https:\/\/klikeraj.hr\/index.php\/wp-json\/wp\/v2\/types\/page"}],"author":[{"embeddable":true,"href":"https:\/\/klikeraj.hr\/index.php\/wp-json\/wp\/v2\/users\/1"}],"replies":[{"embeddable":true,"href":"https:\/\/klikeraj.hr\/index.php\/wp-json\/wp\/v2\/comments?post=16"}],"version-history":[{"count":37,"href":"https:\/\/klikeraj.hr\/index.php\/wp-json\/wp\/v2\/pages\/16\/revisions"}],"predecessor-version":[{"id":3130,"href":"https:\/\/klikeraj.hr\/index.php\/wp-json\/wp\/v2\/pages\/16\/revisions\/3130"}],"wp:featuredmedia":[{"embeddable":true,"href":"https:\/\/klikeraj.hr\/index.php\/wp-json\/wp\/v2\/media\/3182"}],"wp:attachment":[{"href":"https:\/\/klikeraj.hr\/index.php\/wp-json\/wp\/v2\/media?parent=16"}],"curies":[{"name":"wp","href":"https:\/\/api.w.org\/{rel}","templated":true}]}}