{"id":1598,"date":"2021-03-13T11:19:16","date_gmt":"2021-03-13T11:19:16","guid":{"rendered":"https:\/\/klikeraj.hr\/?page_id=1598"},"modified":"2023-05-29T19:03:57","modified_gmt":"2023-05-29T19:03:57","slug":"sidro-2","status":"publish","type":"page","link":"https:\/\/klikeraj.hr\/index.php\/sidro-2\/","title":{"rendered":"Savjetovali\u0161te Sidro"},"content":{"rendered":"<h3>Za\u0161to smo osnovali savjetovali\u0161te?<\/h3>\n<p><em style=\"color: #efedeb !important;\"><strong style=\"color: #efedeb !important;\">S<\/strong><\/em>avjetovali\u0161te za <em style=\"color: #efedeb !important;\"><strong style=\"color: #efedeb !important;\">D<\/strong><\/em>jecu i <em style=\"color: #efedeb !important;\"><strong style=\"color: #efedeb !important;\">RO<\/strong><\/em>ditelje &#8220;Sidro&#8221; namijenjeno je potencijalno darovitoj i darovitoj djeci i njihovim obiteljima. Kroz na\u0161 rad u podru\u010dju darovitosti i talenta uo\u010dili smo da postoji zna\u010dajna potreba za psihosocijalnom podr\u0161kom roditeljima i obiteljima djece s visokim potencijalima. Specifi\u010dnosti razvoja darovite djece nerijetko dovode do izazovnih situacija u obitelji i izvan nje, osje\u0107aj neshva\u0107enosti i izoliranosti kod djece, ali i osje\u0107aje frustracije i nemo\u0107i kod roditelja.<\/p>\n<h3>Odakle dolazi potreba za podr\u0161kom?<\/h3>\n<p>Neuskla\u0111enost izme\u0111u emocionalnog i intelektualnog razvoja \u010desto je obilje\u017eje darovite djece i mladih. Ta neuskla\u0111enost\u00a0 je u pravilu uzrok pote\u0161ko\u0107a u osobnom, emocionalnom i dru\u0161tvenom \u017eivotu. U takvim okolnostima klju\u010dno je pru\u017eanje adekvatne psihosocijalne podr\u0161ke kako bismo poticali razvoj strategija no\u0161enja s problemima.<\/p>\n<h3><\/h3>\n<p>Prijave na klikeraj.sidro@gmail.com<\/p>\n<p>Sve aktivnosti i programi Savjetovali\u0161ta Sidro pod stru\u010dnim su vodstvom\u00a0 psihologa.<br \/>\nInformacije i kontakt: klikeraj.sidro@gmail.com<\/p>\n<p><a style=\"--link-color: #71b8ef !important; --link-color-hover: #8cc6f2 !important; --link-color-active: #6cb6ef !important; --visited-color: #a075ea !important; --visited-color-hover: #b390ee !important; --visited-color-active: #9d71ea !important;\" href=\"https:\/\/klikeraj.hr\/index.php\/sidro-2\/sidro-info-3\/\" rel=\"attachment wp-att-1600\"><img loading=\"lazy\" decoding=\"async\" class=\"aligncenter size-full wp-image-1600\" style=\"filter: saturate(0.9) brightness(0.8); --link-color: #71b8ef !important; --link-color-hover: #8cc6f2 !important; --link-color-active: #6cb6ef !important; --visited-color: #a075ea !important; --visited-color-hover: #b390ee !important; --visited-color-active: #9d71ea !important;\" src=\"https:\/\/klikeraj.hr\/wp-content\/uploads\/2021\/03\/Sidro-info.jpg\" alt=\"\" width=\"800\" height=\"2000\" srcset=\"https:\/\/klikeraj.hr\/wp-content\/uploads\/2021\/03\/Sidro-info.jpg 800w, https:\/\/klikeraj.hr\/wp-content\/uploads\/2021\/03\/Sidro-info-120x300.jpg 120w, https:\/\/klikeraj.hr\/wp-content\/uploads\/2021\/03\/Sidro-info-410x1024.jpg 410w, https:\/\/klikeraj.hr\/wp-content\/uploads\/2021\/03\/Sidro-info-768x1920.jpg 768w, https:\/\/klikeraj.hr\/wp-content\/uploads\/2021\/03\/Sidro-info-614x1536.jpg 614w, https:\/\/klikeraj.hr\/wp-content\/uploads\/2021\/03\/Sidro-info-508x1270.jpg 508w\" sizes=\"(max-width: 800px) 100vw, 800px\" \/><\/a><\/p>\n","protected":false},"excerpt":{"rendered":"<p>Za\u0161to smo osnovali savjetovali\u0161te? Savjetovali\u0161te za Djecu i ROditelje &#8220;Sidro&#8221; namijenjeno je potencijalno darovitoj i darovitoj djeci i njihovim obiteljima. Kroz na\u0161 rad u podru\u010dju darovitosti i talenta&#8230;<\/p>\n","protected":false},"author":1,"featured_media":1243,"parent":0,"menu_order":0,"comment_status":"closed","ping_status":"closed","template":"","meta":{"_monsterinsights_skip_tracking":false,"_monsterinsights_sitenote_active":false,"_monsterinsights_sitenote_note":"","_monsterinsights_sitenote_category":0,"footnotes":""},"class_list":["post-1598","page","type-page","status-publish","has-post-thumbnail","hentry"],"_links":{"self":[{"href":"https:\/\/klikeraj.hr\/index.php\/wp-json\/wp\/v2\/pages\/1598"}],"collection":[{"href":"https:\/\/klikeraj.hr\/index.php\/wp-json\/wp\/v2\/pages"}],"about":[{"href":"https:\/\/klikeraj.hr\/index.php\/wp-json\/wp\/v2\/types\/page"}],"author":[{"embeddable":true,"href":"https:\/\/klikeraj.hr\/index.php\/wp-json\/wp\/v2\/users\/1"}],"replies":[{"embeddable":true,"href":"https:\/\/klikeraj.hr\/index.php\/wp-json\/wp\/v2\/comments?post=1598"}],"version-history":[{"count":11,"href":"https:\/\/klikeraj.hr\/index.php\/wp-json\/wp\/v2\/pages\/1598\/revisions"}],"predecessor-version":[{"id":2879,"href":"https:\/\/klikeraj.hr\/index.php\/wp-json\/wp\/v2\/pages\/1598\/revisions\/2879"}],"wp:featuredmedia":[{"embeddable":true,"href":"https:\/\/klikeraj.hr\/index.php\/wp-json\/wp\/v2\/media\/1243"}],"wp:attachment":[{"href":"https:\/\/klikeraj.hr\/index.php\/wp-json\/wp\/v2\/media?parent=1598"}],"curies":[{"name":"wp","href":"https:\/\/api.w.org\/{rel}","templated":true}]}}